{"id":8909,"date":"2023-10-03T17:41:18","date_gmt":"2023-10-03T14:41:18","guid":{"rendered":"https:\/\/www.sandrakairyte.com\/?page_id=8909"},"modified":"2025-10-22T21:44:55","modified_gmt":"2025-10-22T18:44:55","slug":"shipping","status":"publish","type":"page","link":"https:\/\/www.sandrakairyte.lt\/en\/pristatymas\/","title":{"rendered":"Shipping"},"content":{"rendered":"<div data-elementor-type=\"wp-page\" data-elementor-id=\"8909\" class=\"elementor elementor-8909\" data-elementor-post-type=\"page\">\n\t\t\t\t\t\t<section class=\"elementor-section elementor-top-section elementor-element elementor-element-f4fb179 elementor-section-full_width elementor-section-height-default elementor-section-height-default\" data-id=\"f4fb179\" data-element_type=\"section\">\n\t\t\t\t\t\t<div class=\"elementor-container elementor-column-gap-default\">\n\t\t\t\t\t<div class=\"elementor-column elementor-col-100 elementor-top-column elementor-element elementor-element-7a82084\" data-id=\"7a82084\" data-element_type=\"column\">\n\t\t\t<div class=\"elementor-widget-wrap elementor-element-populated\">\n\t\t\t\t\t\t<div class=\"elementor-element elementor-element-bb27ca6 elementor-widget elementor-widget-text-editor\" data-id=\"bb27ca6\" data-element_type=\"widget\" data-widget_type=\"text-editor.default\">\n\t\t\t\t<div class=\"elementor-widget-container\">\n\t\t\t\t\t\t\t\t\t<p><span style=\"font-style: inherit; font-weight: inherit; background-color: var(--ast-global-color-5); color: #000000;\">1.We will dispatch your order within 1-3 working days after received payment.<\/span><\/p><p><span style=\"color: #000000;\">2. In Lithuania, Latvia and Estonia, we deliver parcels using Omniva parcel machines.\u00a0<\/span><\/p><p><span style=\"color: #000000;\">3. Delivery costs:<\/span><\/p><table style=\"margin-left: 5.4pt; border-collapse: collapse; mso-yfti-tbllook: 1184; mso-padding-alt: 0cm 5.4pt 0cm 5.4pt;\" border=\"0\" cellspacing=\"0\" cellpadding=\"0\"><tbody><tr><td style=\"padding: 0cm 5.4pt 0cm 5.4pt;\" valign=\"bottom\" nowrap=\"nowrap\">\u00a0<\/td><td style=\"border: solid windowtext 1.0pt; mso-border-alt: solid windowtext .5pt; background: #B4C6E7; padding: 0cm 5.4pt 0cm 5.4pt;\" colspan=\"3\" valign=\"bottom\" nowrap=\"nowrap\"><p style=\"margin-bottom: 0cm; text-align: center; line-height: normal;\" align=\"center\"><span style=\"color: #000000;\"><b>Delivery cost<\/b><\/span><\/p><\/td><\/tr><tr><td style=\"border: solid windowtext 1.0pt; mso-border-alt: solid windowtext .5pt; background: #B4C6E7; padding: 0cm 5.4pt 0cm 5.4pt;\" valign=\"bottom\" nowrap=\"nowrap\"><p style=\"margin-bottom: 0cm; text-align: center; line-height: normal;\" align=\"center\"><span style=\"color: #000000;\"><b>Purchase amount<\/b><\/span><\/p><\/td><td style=\"border-top: none; border-left: none; border-bottom: solid windowtext 1.0pt; border-right: solid windowtext 1.0pt; mso-border-top-alt: solid windowtext .5pt; mso-border-bottom-alt: solid windowtext .5pt; mso-border-right-alt: solid windowtext .5pt; padding: 0cm 5.4pt 0cm 5.4pt;\" nowrap=\"nowrap\"><p style=\"margin-bottom: 0cm; text-align: center; line-height: normal;\" align=\"center\"><span style=\"color: #000000;\">Lithuania<\/span><\/p><\/td><td style=\"border: solid windowtext 1.0pt; border-left: none; mso-border-top-alt: solid windowtext .5pt; mso-border-bottom-alt: solid windowtext .5pt; mso-border-right-alt: solid windowtext .5pt; padding: 0cm 5.4pt 0cm 5.4pt;\" nowrap=\"nowrap\"><p style=\"margin-bottom: 0cm; text-align: center; line-height: normal;\" align=\"center\"><span style=\"color: #000000;\">Latvia <\/span><\/p><\/td><td style=\"border: solid windowtext 1.0pt; border-left: none; mso-border-top-alt: solid windowtext .5pt; mso-border-bottom-alt: solid windowtext .5pt; mso-border-right-alt: solid windowtext .5pt; padding: 0cm 5.4pt 0cm 5.4pt;\" nowrap=\"nowrap\"><p style=\"margin-bottom: 0cm; text-align: center; line-height: normal;\" align=\"center\"><span style=\"color: #000000;\">Estonia <\/span><\/p><\/td><\/tr><tr><td style=\"border: solid windowtext 1.0pt; border-top: none; mso-border-left-alt: solid windowtext .5pt; mso-border-bottom-alt: solid windowtext .5pt; mso-border-right-alt: solid windowtext .5pt; padding: 0cm 5.4pt 0cm 5.4pt;\" valign=\"bottom\" nowrap=\"nowrap\"><p style=\"margin-bottom: 0cm; text-align: center; line-height: normal;\" align=\"center\"><span style=\"color: #000000;\">to 299\u20ac<\/span><\/p><\/td><td style=\"border-top: none; border-left: none; border-bottom: solid windowtext 1.0pt; border-right: solid windowtext 1.0pt; mso-border-top-alt: solid windowtext .5pt; mso-border-bottom-alt: solid windowtext .5pt; mso-border-right-alt: solid windowtext .5pt; padding: 0cm 5.4pt 0cm 5.4pt;\" valign=\"bottom\" nowrap=\"nowrap\"><p style=\"margin-bottom: 0cm; text-align: center; line-height: normal;\" align=\"center\"><span style=\"color: #000000;\">3,50 \u20ac<\/span><\/p><\/td><td style=\"border-top: none; border-left: none; border-bottom: solid windowtext 1.0pt; border-right: solid windowtext 1.0pt; mso-border-top-alt: solid windowtext .5pt; mso-border-bottom-alt: solid windowtext .5pt; mso-border-right-alt: solid windowtext .5pt; padding: 0cm 5.4pt 0cm 5.4pt;\" valign=\"bottom\" nowrap=\"nowrap\"><p style=\"margin-bottom: 0cm; text-align: center; line-height: normal;\" align=\"center\"><span style=\"color: #000000;\">5,50 \u20ac<\/span><\/p><\/td><td style=\"border-top: none; border-left: none; border-bottom: solid windowtext 1.0pt; border-right: solid windowtext 1.0pt; mso-border-top-alt: solid windowtext .5pt; mso-border-bottom-alt: solid windowtext .5pt; mso-border-right-alt: solid windowtext .5pt; padding: 0cm 5.4pt 0cm 5.4pt;\" valign=\"bottom\" nowrap=\"nowrap\"><p style=\"margin-bottom: 0cm; text-align: center; line-height: normal;\" align=\"center\"><span style=\"color: #000000;\">7,50 \u20ac<\/span><\/p><\/td><\/tr><tr><td style=\"border: solid windowtext 1.0pt; border-top: none; mso-border-left-alt: solid windowtext .5pt; mso-border-bottom-alt: solid windowtext .5pt; mso-border-right-alt: solid windowtext .5pt; padding: 0cm 5.4pt 0cm 5.4pt;\" valign=\"bottom\" nowrap=\"nowrap\"><p style=\"margin-bottom: 0cm; text-align: center; line-height: normal;\" align=\"center\"><span style=\"color: #000000;\">from 299\u20ac<\/span><\/p><\/td><td style=\"border-top: none; border-left: none; border-bottom: solid windowtext 1.0pt; border-right: solid windowtext 1.0pt; mso-border-top-alt: solid windowtext .5pt; mso-border-bottom-alt: solid windowtext .5pt; mso-border-right-alt: solid windowtext .5pt; padding: 0cm 5.4pt 0cm 5.4pt;\" colspan=\"3\" valign=\"bottom\" nowrap=\"nowrap\"><p style=\"margin-bottom: 0cm; text-align: center; line-height: normal;\" align=\"center\"><span style=\"color: #000000;\">Free<\/span><\/p><\/td><\/tr><\/tbody><\/table><div><p><span style=\"color: #000000;\"><span style=\"font-size: 1rem; font-style: inherit; font-weight: inherit; background-color: var(--ast-global-color-5);\">4.\u00a0<\/span><span style=\"font-style: inherit; font-weight: inherit; background-color: var(--ast-global-color-5);\">The parcel service will deliver the goods within 1-3 business days in Lithuania. In Latvia and Estonia\u00a0<\/span><span style=\"font-size: 1rem; font-style: inherit; font-weight: inherit; background-color: var(--ast-global-color-5);\">within 2<\/span><span style=\"font-size: 1rem; font-style: inherit; font-weight: inherit; background-color: var(--ast-global-color-5);\">-4 working days<\/span><span style=\"font-size: 1rem; font-style: inherit; font-weight: inherit; background-color: var(--ast-global-color-5);\">. During busy periods, delivery may take longer due to high volume of packages.<\/span><\/span><\/p><p><span style=\"color: #000000;\"><span style=\"font-size: 1rem; font-style: inherit; font-weight: inherit; background-color: var(--ast-global-color-5);\">5.\u00a0<\/span>You can pick up your order for free at our studio \u2013 Jonavos St. 20, Kaunas.<span style=\"background-color: var(--ast-global-color-5); font-size: 1rem;\">\u00a0<\/span><\/span><\/p><\/div><p><span style=\"background-color: var(--ast-global-color-5); color: #000000; font-size: 1rem;\">6. To other EU countries standard delivery service is provided. Delivery to EU countries takes 7-14 working days.\u00a0<\/span><\/p><p><span style=\"color: #000000;\">7. Delivery cost\u00a0<span style=\"background-color: var(--ast-global-color-5); font-size: 1rem;\">to EU is automatically calculated at checkout. Free delivery from\u00a0<\/span><span style=\"text-align: center; text-wrap: nowrap; background-color: var(--ast-global-color-5); font-size: 1rem;\">299\u20ac.\u00a0<\/span><\/span><\/p><p><span style=\"color: #000000;\"><span style=\"text-align: center; text-wrap: nowrap; background-color: var(--ast-global-color-5); font-size: 1rem;\">8.\u00a0<\/span><span style=\"background-color: var(--ast-global-color-5); font-size: 1rem;\">Delivery cost\u00a0<\/span><span style=\"font-size: 1rem; background-color: var(--ast-global-color-5);\">To other countries standard delivery service is provided. Delivery costs is automatically calculated at checkout.<\/span><\/span><\/p><p><span style=\"color: #000000;\"><span style=\"text-align: center; text-wrap: nowrap; background-color: var(--ast-global-color-5); font-size: 1rem;\">9.\u00a0<\/span><span style=\"background-color: var(--ast-global-color-5); font-style: inherit; font-weight: inherit;\">Any additional duties and taxes assessed by customs are the responsibility of the customer. Duty Fees and taxes will not be refunded on returns.<\/span><span style=\"font-style: inherit; font-weight: inherit;\"><span style=\"font-size: 1rem;\">.\u00a0<\/span><\/span><\/span><\/p><p><span style=\"color: #000000;\"><span style=\"background-color: var(--ast-global-color-5); font-size: 1rem;\">10. If you have further questions about delivery,\u00a0<\/span><span style=\"background-color: var(--ast-global-color-5); font-size: 1rem;\">please contact the Seller\u00a0<\/span><span style=\"font-style: inherit; font-variant-ligatures: inherit; font-variant-caps: inherit; font-weight: inherit; text-align: justify; background-color: var(--ast-global-color-5);\">El. pa\u0161tu: info@sandrakairyte.lt.<\/span><\/span><\/p><p><!-- \/wp:paragraph --><\/p>\t\t\t\t\t\t\t\t<\/div>\n\t\t\t\t<\/div>\n\t\t\t\t\t<\/div>\n\t\t<\/div>\n\t\t\t\t\t<\/div>\n\t\t<\/section>\n\t\t\t\t<\/div>","protected":false},"excerpt":{"rendered":"<p>1. Pirk\u0117jo u\u017esakytas prekes i\u0161siun\u010diame per 1-3 darbo dienas nuo u\u017esakymo apmok\u0117jimo. 2. Lietuvoje, Latvijoje ir Estijoje\u00a0 prekes pristatome per Omniva pa\u0161tomatus.\u00a0 3. Siunt\u0173 pristatymo kainos: \u00a0 Pristatymo kaina Pirkinio suma Lietuva Latvija Estija iki 299\u20ac 3,50 \u20ac 5,50 \u20ac 7,50 \u20ac nuo 299\u20ac Nemokamai 4.\u00a0Siunt\u0173 gabenimo tarnyba \u012fsigytas prekes Lietuvoje pristato per 1-3 darbo [&hellip;]<\/p>\n","protected":false},"author":7,"featured_media":0,"parent":0,"menu_order":0,"comment_status":"closed","ping_status":"closed","template":"","meta":{"site-sidebar-layout":"default","site-content-layout":"","ast-site-content-layout":"default","site-content-style":"default","site-sidebar-style":"default","ast-global-header-display":"","ast-banner-title-visibility":"","ast-main-header-display":"","ast-hfb-above-header-display":"","ast-hfb-below-header-display":"","ast-hfb-mobile-header-display":"","site-post-title":"","ast-breadcrumbs-content":"","ast-featured-img":"","footer-sml-layout":"","ast-disable-related-posts":"","theme-transparent-header-meta":"","adv-header-id-meta":"","stick-header-meta":"","header-above-stick-meta":"","header-main-stick-meta":"","header-below-stick-meta":"","astra-migrate-meta-layouts":"set","ast-page-background-enabled":"default","ast-page-background-meta":{"desktop":{"background-color":"","background-image":"","background-repeat":"repeat","background-position":"center center","background-size":"auto","background-attachment":"scroll","background-type":"","background-media":"","overlay-type":"","overlay-color":"","overlay-opacity":"","overlay-gradient":""},"tablet":{"background-color":"","background-image":"","background-repeat":"repeat","background-position":"center center","background-size":"auto","background-attachment":"scroll","background-type":"","background-media":"","overlay-type":"","overlay-color":"","overlay-opacity":"","overlay-gradient":""},"mobile":{"background-color":"","background-image":"","background-repeat":"repeat","background-position":"center center","background-size":"auto","background-attachment":"scroll","background-type":"","background-media":"","overlay-type":"","overlay-color":"","overlay-opacity":"","overlay-gradient":""}},"ast-content-background-meta":{"desktop":{"background-color":"var(--ast-global-color-5)","background-image":"","background-repeat":"repeat","background-position":"center center","background-size":"auto","background-attachment":"scroll","background-type":"","background-media":"","overlay-type":"","overlay-color":"","overlay-opacity":"","overlay-gradient":""},"tablet":{"background-color":"var(--ast-global-color-5)","background-image":"","background-repeat":"repeat","background-position":"center center","background-size":"auto","background-attachment":"scroll","background-type":"","background-media":"","overlay-type":"","overlay-color":"","overlay-opacity":"","overlay-gradient":""},"mobile":{"background-color":"var(--ast-global-color-5)","background-image":"","background-repeat":"repeat","background-position":"center center","background-size":"auto","background-attachment":"scroll","background-type":"","background-media":"","overlay-type":"","overlay-color":"","overlay-opacity":"","overlay-gradient":""}},"footnotes":""},"class_list":["post-8909","page","type-page","status-publish","hentry"],"_links":{"self":[{"href":"https:\/\/www.sandrakairyte.lt\/en\/wp-json\/wp\/v2\/pages\/8909","targetHints":{"allow":["GET"]}}],"collection":[{"href":"https:\/\/www.sandrakairyte.lt\/en\/wp-json\/wp\/v2\/pages"}],"about":[{"href":"https:\/\/www.sandrakairyte.lt\/en\/wp-json\/wp\/v2\/types\/page"}],"author":[{"embeddable":true,"href":"https:\/\/www.sandrakairyte.lt\/en\/wp-json\/wp\/v2\/users\/7"}],"replies":[{"embeddable":true,"href":"https:\/\/www.sandrakairyte.lt\/en\/wp-json\/wp\/v2\/comments?post=8909"}],"version-history":[{"count":0,"href":"https:\/\/www.sandrakairyte.lt\/en\/wp-json\/wp\/v2\/pages\/8909\/revisions"}],"wp:attachment":[{"href":"https:\/\/www.sandrakairyte.lt\/en\/wp-json\/wp\/v2\/media?parent=8909"}],"curies":[{"name":"wp","href":"https:\/\/api.w.org\/{rel}","templated":true}]}}