{"id":10,"date":"2019-01-23T06:31:31","date_gmt":"2019-01-23T06:31:31","guid":{"rendered":"https:\/\/www.sandrakairyte.com\/about-us\/"},"modified":"2024-07-17T11:11:55","modified_gmt":"2024-07-17T08:11:55","slug":"about","status":"publish","type":"page","link":"https:\/\/www.sandrakairyte.lt\/en\/apie-mane\/","title":{"rendered":"About me"},"content":{"rendered":"<div data-elementor-type=\"wp-post\" data-elementor-id=\"10\" class=\"elementor elementor-10\" data-elementor-post-type=\"page\">\n\t\t\t\t<div class=\"elementor-element elementor-element-2a362e6 e-con-full e-flex e-con e-parent\" data-id=\"2a362e6\" data-element_type=\"container\" data-settings=\"{&quot;background_background&quot;:&quot;classic&quot;}\">\n\t\t\t\t<div class=\"elementor-element elementor-element-dd40236 elementor-widget__width-inherit elementor-widget elementor-widget-heading\" data-id=\"dd40236\" data-element_type=\"widget\" data-widget_type=\"heading.default\">\n\t\t\t\t<div class=\"elementor-widget-container\">\n\t\t\t\t\t<h1 class=\"elementor-heading-title elementor-size-default\">About me<\/h1>\t\t\t\t<\/div>\n\t\t\t\t<\/div>\n\t\t\t\t<\/div>\n\t\t<div class=\"elementor-element elementor-element-cb723bc e-flex e-con-boxed e-con e-parent\" data-id=\"cb723bc\" data-element_type=\"container\">\n\t\t\t\t\t<div class=\"e-con-inner\">\n\t\t<div class=\"elementor-element elementor-element-c4652c4 e-con-full e-flex e-con e-child\" data-id=\"c4652c4\" data-element_type=\"container\">\n\t\t\t\t<div class=\"elementor-element elementor-element-f165c50 elementor-widget elementor-widget-image\" data-id=\"f165c50\" data-element_type=\"widget\" data-widget_type=\"image.default\">\n\t\t\t\t<div class=\"elementor-widget-container\">\n\t\t\t\t\t\t\t\t\t\t\t\t\t\t\t<img fetchpriority=\"high\" decoding=\"async\" width=\"733\" height=\"1100\" src=\"https:\/\/www.sandrakairyte.lt\/wp-content\/uploads\/2024\/07\/SANDRA_PAVASARIS-124.jpg\" class=\"attachment-full size-full wp-image-15579\" alt=\"Sandra-Kairyte-Apie-Mane\" srcset=\"https:\/\/www.sandrakairyte.lt\/wp-content\/uploads\/2024\/07\/SANDRA_PAVASARIS-124.jpg.webp 733w, https:\/\/www.sandrakairyte.lt\/wp-content\/uploads\/2024\/07\/SANDRA_PAVASARIS-124-200x300.jpg.webp 200w, https:\/\/www.sandrakairyte.lt\/wp-content\/uploads\/2024\/07\/SANDRA_PAVASARIS-124-682x1024.jpg.webp 682w, https:\/\/www.sandrakairyte.lt\/wp-content\/uploads\/2024\/07\/SANDRA_PAVASARIS-124-8x12.jpg.webp 8w, https:\/\/www.sandrakairyte.lt\/wp-content\/uploads\/2024\/07\/SANDRA_PAVASARIS-124-600x900.jpg.webp 600w\" sizes=\"(max-width: 733px) 100vw, 733px\" \/>\t\t\t\t\t\t\t\t\t\t\t\t\t\t\t<\/div>\n\t\t\t\t<\/div>\n\t\t\t\t<\/div>\n\t\t\t\t<div class=\"elementor-element elementor-element-c5a2376 elementor-widget elementor-widget-text-editor\" data-id=\"c5a2376\" data-element_type=\"widget\" data-widget_type=\"text-editor.default\">\n\t\t\t\t<div class=\"elementor-widget-container\">\n\t\t\t\t\t\t\t\t\t<p>I welcome you with playfulness, high quality fabrics and unique outfits. After all, you are special, so you need to find clothes that suit you.\u00a0<\/p><p>I enjoy being able to create. I want to share that joy with you.<\/p><p>My aim is for the garment to speak for itself: to have a distinctive pattern, high quality and interesting fabric. That's why I work without regard to fashion trends and standards, trying to maintain my own style, but also to surprise you with originality.<\/p><p>Classic and casual are my favorite styles, so they are the most reflected in all of my work. In other words, I create classic clothes that can easily be adapted to elegant casual wear.<\/p><p>I'm a fan of color, so my work is colorful. I like fresh, \"tasty\", bright colors as well as even tones and contrasting patterns. I pay a lot of attention to fabrics with playful and interesting patterns and ornaments. I firmly believe that all colors are trendy if well chosen. Colors and patterns are a source of courage, energy and strength, and are our daily armor.<\/p><p>I am a proponent of the philosophy of sustainable living and working. That's why I always choose time-tested fabrics and create with quality in mind, not quantity. I buy fabrics from the leftovers of well-known brands and use them to create my own collections, thus creating unique and one-of-a-kind designs.<\/p><p>I love natural fabrics and I hope you dare to love them too.\u00a0<span style=\"font-style: inherit; font-weight: inherit; color: var(--ast-global-color-3);\">A bit of simplicity with a bit of freshness and coziness.<\/span><\/p><p>Sincerely, Sandra \u2665<\/p>\t\t\t\t\t\t\t\t<\/div>\n\t\t\t\t<\/div>\n\t\t\t\t\t<\/div>\n\t\t\t\t<\/div>\n\t\t\t\t<\/div>","protected":false},"excerpt":{"rendered":"<p>Apie mane A\u0161 Tave pasitinku su \u017eaismingumu, auk\u0161tos kokyb\u0117s audiniais bei vienetiniais drabu\u017eiais. Juk Tu esi ypatinga, tai reikia atrasti ypatingai Tau tinkan\u010dius drabu\u017eius.\u00a0 Man k\u016brybinis procesas, tai vienas malonumas. Noriu \u0161iuo d\u017eiaugsmu dalintis su Tavimi. Kurdama pirmiausia siekiu, kad drabu\u017eis pats kalb\u0117t\u0173: b\u016bt\u0173 i\u0161skirtinio modelio, kokybi\u0161ko ir \u012fdomaus audinio. Tod\u0117l kuriu nepaisydama mados tendencij\u0173 [&hellip;]<\/p>\n","protected":false},"author":7,"featured_media":0,"parent":0,"menu_order":0,"comment_status":"closed","ping_status":"closed","template":"","meta":{"site-sidebar-layout":"no-sidebar","site-content-layout":"page-builder","ast-site-content-layout":"full-width-container","site-content-style":"unboxed","site-sidebar-style":"unboxed","ast-global-header-display":"","ast-banner-title-visibility":"","ast-main-header-display":"","ast-hfb-above-header-display":"","ast-hfb-below-header-display":"","ast-hfb-mobile-header-display":"","site-post-title":"disabled","ast-breadcrumbs-content":"","ast-featured-img":"disabled","footer-sml-layout":"","ast-disable-related-posts":"","theme-transparent-header-meta":"enabled","adv-header-id-meta":"","stick-header-meta":"","header-above-stick-meta":"","header-main-stick-meta":"","header-below-stick-meta":"","astra-migrate-meta-layouts":"set","ast-page-background-enabled":"default","ast-page-background-meta":{"desktop":{"background-color":"","background-image":"","background-repeat":"repeat","background-position":"center center","background-size":"auto","background-attachment":"scroll","background-type":"","background-media":"","overlay-type":"","overlay-color":"","overlay-opacity":"","overlay-gradient":""},"tablet":{"background-color":"","background-image":"","background-repeat":"repeat","background-position":"center center","background-size":"auto","background-attachment":"scroll","background-type":"","background-media":"","overlay-type":"","overlay-color":"","overlay-opacity":"","overlay-gradient":""},"mobile":{"background-color":"","background-image":"","background-repeat":"repeat","background-position":"center center","background-size":"auto","background-attachment":"scroll","background-type":"","background-media":"","overlay-type":"","overlay-color":"","overlay-opacity":"","overlay-gradient":""}},"ast-content-background-meta":{"desktop":{"background-color":"var(--ast-global-color-5)","background-image":"","background-repeat":"repeat","background-position":"center center","background-size":"auto","background-attachment":"scroll","background-type":"","background-media":"","overlay-type":"","overlay-color":"","overlay-opacity":"","overlay-gradient":""},"tablet":{"background-color":"var(--ast-global-color-5)","background-image":"","background-repeat":"repeat","background-position":"center center","background-size":"auto","background-attachment":"scroll","background-type":"","background-media":"","overlay-type":"","overlay-color":"","overlay-opacity":"","overlay-gradient":""},"mobile":{"background-color":"var(--ast-global-color-5)","background-image":"","background-repeat":"repeat","background-position":"center center","background-size":"auto","background-attachment":"scroll","background-type":"","background-media":"","overlay-type":"","overlay-color":"","overlay-opacity":"","overlay-gradient":""}},"footnotes":""},"class_list":["post-10","page","type-page","status-publish","hentry"],"_links":{"self":[{"href":"https:\/\/www.sandrakairyte.lt\/en\/wp-json\/wp\/v2\/pages\/10","targetHints":{"allow":["GET"]}}],"collection":[{"href":"https:\/\/www.sandrakairyte.lt\/en\/wp-json\/wp\/v2\/pages"}],"about":[{"href":"https:\/\/www.sandrakairyte.lt\/en\/wp-json\/wp\/v2\/types\/page"}],"author":[{"embeddable":true,"href":"https:\/\/www.sandrakairyte.lt\/en\/wp-json\/wp\/v2\/users\/7"}],"replies":[{"embeddable":true,"href":"https:\/\/www.sandrakairyte.lt\/en\/wp-json\/wp\/v2\/comments?post=10"}],"version-history":[{"count":0,"href":"https:\/\/www.sandrakairyte.lt\/en\/wp-json\/wp\/v2\/pages\/10\/revisions"}],"wp:attachment":[{"href":"https:\/\/www.sandrakairyte.lt\/en\/wp-json\/wp\/v2\/media?parent=10"}],"curies":[{"name":"wp","href":"https:\/\/api.w.org\/{rel}","templated":true}]}}